{"id":39,"date":"2023-09-06T13:43:05","date_gmt":"2023-09-06T13:43:05","guid":{"rendered":"https:\/\/wappa.cl\/?page_id=39"},"modified":"2023-09-06T16:13:30","modified_gmt":"2023-09-06T16:13:30","slug":"control-de-acceso","status":"publish","type":"page","link":"https:\/\/wappa.cl\/index.php\/control-de-acceso\/","title":{"rendered":"Control de Acceso"},"content":{"rendered":"\n<p>Contamos con una amplia gama de equipos de control de Acceso para cumplir con sus necesidades y expectativas.<\/p>\n\n\n\n<h5 class=\"wp-block-heading\">Control de Acceso biom\u00e9trico <\/h5>\n\n\n\n<div class=\"wp-block-group is-nowrap is-layout-flex wp-container-core-group-is-layout-6c531013 wp-block-group-is-layout-flex\">\n<p class=\"has-text-align-left\">Desde control de acceso por huella hasta control de acceso facial. un proyecto de control de acceso biom\u00e9trico se centra en implementar un sistema de seguridad avanzado y eficiente que utiliza caracter\u00edsticas f\u00edsicas o conductuales \u00fanicas para verificar la identidad de las personas y garantizar el acceso autorizado a las instalaciones o sistemas. Contamos con los mejores equipos para cumplir su necesidad. <\/p>\n\n\n\n<figure class=\"wp-block-image size-full\"><img loading=\"lazy\" decoding=\"async\" width=\"638\" height=\"479\" src=\"https:\/\/wappa.cl\/wp-content\/uploads\/2023\/09\/imagen_2023-09-06_122856726-edited.png\" alt=\"\" class=\"wp-image-71\" srcset=\"https:\/\/wappa.cl\/wp-content\/uploads\/2023\/09\/imagen_2023-09-06_122856726-edited.png 638w, https:\/\/wappa.cl\/wp-content\/uploads\/2023\/09\/imagen_2023-09-06_122856726-edited-300x225.png 300w\" sizes=\"auto, (max-width: 638px) 100vw, 638px\" \/><\/figure>\n<\/div>\n\n\n\n<h5 class=\"wp-block-heading\">Control de Acceso con tarjeta<\/h5>\n\n\n\n<div class=\"wp-block-columns is-layout-flex wp-container-core-columns-is-layout-28f84493 wp-block-columns-is-layout-flex\">\n<div class=\"wp-block-column is-layout-flow wp-block-column-is-layout-flow\" style=\"flex-basis:100%\">\n<div class=\"wp-block-group is-nowrap is-layout-flex wp-container-core-group-is-layout-6c531013 wp-block-group-is-layout-flex\">\n<p class=\"has-text-align-left\">El control de acceso por tarjeta RFID se basa en el uso de tarjetas o etiquetas que emiten informaci\u00f3n codificada y lectores RFID que verifican la identidad de los usuarios autorizados al acercar la tarjeta al lector. Este sistema es conveniente, seguro y vers\u00e1til, y se utiliza en diversas situaciones donde se necesita regular el acceso. Tambien, contamos con soluciones que reemplazan la tarjeta f\u00edsica por un tarjeta digital para que puedas tener acceso solo con tu tel\u00e9fono celular.<\/p>\n\n\n\n<figure class=\"wp-block-image size-full\"><img loading=\"lazy\" decoding=\"async\" width=\"699\" height=\"702\" src=\"https:\/\/wappa.cl\/wp-content\/uploads\/2023\/09\/lectro-tarjeta-1.png\" alt=\"\" class=\"wp-image-83\" srcset=\"https:\/\/wappa.cl\/wp-content\/uploads\/2023\/09\/lectro-tarjeta-1.png 699w, https:\/\/wappa.cl\/wp-content\/uploads\/2023\/09\/lectro-tarjeta-1-300x300.png 300w, https:\/\/wappa.cl\/wp-content\/uploads\/2023\/09\/lectro-tarjeta-1-150x150.png 150w\" sizes=\"auto, (max-width: 699px) 100vw, 699px\" \/><\/figure>\n<\/div>\n<\/div>\n<\/div>\n\n\n\n<p><\/p>\n\n\n\n<p>Contamos con diversas soluciones para todos los niveles de negocio. Escribenos para comentarnos que necesitas y nosotros te asesoraremos.<\/p>\n\n\n\n<div class=\"wp-block-buttons is-layout-flex wp-block-buttons-is-layout-flex\">\n<div class=\"wp-block-button is-style-blockscape-button-icon-after\"><a class=\"wp-block-button__link wp-element-button\" href=\"http:\/\/wa.link\/s0qvn9\" target=\"_blank\" rel=\"noreferrer noopener\">Obten tu asesor\u00eda gratis<\/a><\/div>\n<\/div>\n","protected":false},"excerpt":{"rendered":"<p>Contamos con una amplia gama de equipos de control de Acceso para cumplir con sus necesidades y expectativas. Control de Acceso biom\u00e9trico Desde control de acceso por huella hasta control de acceso facial. un proyecto de control de acceso biom\u00e9trico se centra en implementar un sistema de seguridad avanzado y eficiente que utiliza caracter\u00edsticas f\u00edsicas [&hellip;]<\/p>\n","protected":false},"author":1,"featured_media":69,"parent":0,"menu_order":0,"comment_status":"closed","ping_status":"closed","template":"","meta":{"footnotes":""},"class_list":["post-39","page","type-page","status-publish","has-post-thumbnail","hentry"],"_links":{"self":[{"href":"https:\/\/wappa.cl\/index.php\/wp-json\/wp\/v2\/pages\/39","targetHints":{"allow":["GET"]}}],"collection":[{"href":"https:\/\/wappa.cl\/index.php\/wp-json\/wp\/v2\/pages"}],"about":[{"href":"https:\/\/wappa.cl\/index.php\/wp-json\/wp\/v2\/types\/page"}],"author":[{"embeddable":true,"href":"https:\/\/wappa.cl\/index.php\/wp-json\/wp\/v2\/users\/1"}],"replies":[{"embeddable":true,"href":"https:\/\/wappa.cl\/index.php\/wp-json\/wp\/v2\/comments?post=39"}],"version-history":[{"count":8,"href":"https:\/\/wappa.cl\/index.php\/wp-json\/wp\/v2\/pages\/39\/revisions"}],"predecessor-version":[{"id":86,"href":"https:\/\/wappa.cl\/index.php\/wp-json\/wp\/v2\/pages\/39\/revisions\/86"}],"wp:featuredmedia":[{"embeddable":true,"href":"https:\/\/wappa.cl\/index.php\/wp-json\/wp\/v2\/media\/69"}],"wp:attachment":[{"href":"https:\/\/wappa.cl\/index.php\/wp-json\/wp\/v2\/media?parent=39"}],"curies":[{"name":"wp","href":"https:\/\/api.w.org\/{rel}","templated":true}]}}