{"id":41,"date":"2023-09-06T13:42:37","date_gmt":"2023-09-06T13:42:37","guid":{"rendered":"https:\/\/wappa.cl\/?page_id=41"},"modified":"2023-09-06T16:24:37","modified_gmt":"2023-09-06T16:24:37","slug":"video-vigilancia","status":"publish","type":"page","link":"https:\/\/wappa.cl\/index.php\/video-vigilancia\/","title":{"rendered":"Video Vigilancia"},"content":{"rendered":"\n<h5 class=\"wp-block-heading\">Proyectos de video vigilancia<\/h5>\n\n\n\n<p>Un proyecto de videovigilancia es una iniciativa que busca implementar un sistema de monitoreo y grabaci\u00f3n de video en un entorno espec\u00edfico con el objetivo de mejorar la seguridad, la gesti\u00f3n de activos, la prevenci\u00f3n de delitos y la supervisi\u00f3n en tiempo real. Estos proyectos pueden variar en alcance y complejidad.<\/p>\n\n\n\n<p>Tenemos todos los recursos para cumplir con tus desaf\u00edos, incluyendo la integraci\u00f3n de la video anal\u00edtica en los sistemas de video vigilancia<\/p>\n\n\n\n<h5 class=\"wp-block-heading\">Video Anal\u00edtica <\/h5>\n\n\n\n<p>La video anal\u00edtica es una tecnolog\u00eda que utiliza algoritmos de procesamiento de video y aprendizaje autom\u00e1tico para analizar y extraer informaci\u00f3n valiosa a partir de las secuencias de video. Los principales tipos de video anal\u00edtica incluyen:<\/p>\n\n\n\n<p><strong>Detecci\u00f3n de movimiento:<\/strong> Esta funci\u00f3n permite identificar y rastrear objetos o personas en movimiento dentro de un video, lo que es \u00fatil para la seguridad y la detecci\u00f3n de intrusiones.<\/p>\n\n\n\n<p><strong>Reconocimiento facial:<\/strong> La videoanal\u00edtica puede reconocer caras humanas en las im\u00e1genes y compararlas con bases de datos para identificar a individuos espec\u00edficos.<\/p>\n\n\n\n<p><strong>Conteo de personas:<\/strong> Permite contar y rastrear la cantidad de personas que pasan por un \u00e1rea en un per\u00edodo determinado, \u00fatil para el an\u00e1lisis de tr\u00e1fico y la gesti\u00f3n de multitudes.<\/p>\n\n\n\n<p><strong>Detecci\u00f3n de objetos:<\/strong> Identifica objetos espec\u00edficos, como veh\u00edculos, maletas abandonadas o armas, en tiempo real.<\/p>\n\n\n\n<p><strong>An\u00e1lisis de comportamiento:<\/strong> Eval\u00faa el comportamiento de las personas u objetos en el video para identificar patrones inusuales o amenazas potenciales, como el abandono de un paquete sospechoso.<\/p>\n\n\n\n<p><strong>Reconocimiento de patentes:<\/strong> Captura y verifica las placas de patentes de veh\u00edculos en el video, lo que es \u00fatil para la gesti\u00f3n de estacionamientos y el control de acceso.<\/p>\n\n\n\n<p><strong>Clasificaci\u00f3n de objetos:<\/strong> Categoriza objetos en funci\u00f3n de ciertas caracter\u00edsticas, como el tipo de veh\u00edculo (autom\u00f3vil, cami\u00f3n, bicicleta) o el tipo de objeto (arma, herramienta, equipaje).<\/p>\n\n\n\n<p><strong>Alertas y notificaciones:<\/strong> Genera alertas y notificaciones en tiempo real cuando se detectan eventos o comportamientos predefinidos, lo que permite una respuesta r\u00e1pida ante situaciones cr\u00edticas.<\/p>\n\n\n\n<p>Contamos con diversas soluciones para todos los niveles de negocio. Escribenos para comentarnos que necesitas y nosotros te asesoraremos.<\/p>\n\n\n\n<div class=\"wp-block-buttons is-layout-flex wp-block-buttons-is-layout-flex\">\n<div class=\"wp-block-button is-style-blockscape-button-icon-after\"><a class=\"wp-block-button__link wp-element-button\" href=\"http:\/\/wa.link\/s0qvn9\" target=\"_blank\" rel=\"noreferrer noopener\">Obten su asesor\u00eda gratis<\/a><\/div>\n<\/div>\n","protected":false},"excerpt":{"rendered":"<p>Proyectos de video vigilancia Un proyecto de videovigilancia es una iniciativa que busca implementar un sistema de monitoreo y grabaci\u00f3n de video en un entorno espec\u00edfico con el objetivo de mejorar la seguridad, la gesti\u00f3n de activos, la prevenci\u00f3n de delitos y la supervisi\u00f3n en tiempo real. Estos proyectos pueden variar en alcance y complejidad. [&hellip;]<\/p>\n","protected":false},"author":1,"featured_media":85,"parent":0,"menu_order":0,"comment_status":"closed","ping_status":"closed","template":"","meta":{"footnotes":""},"class_list":["post-41","page","type-page","status-publish","has-post-thumbnail","hentry"],"_links":{"self":[{"href":"https:\/\/wappa.cl\/index.php\/wp-json\/wp\/v2\/pages\/41","targetHints":{"allow":["GET"]}}],"collection":[{"href":"https:\/\/wappa.cl\/index.php\/wp-json\/wp\/v2\/pages"}],"about":[{"href":"https:\/\/wappa.cl\/index.php\/wp-json\/wp\/v2\/types\/page"}],"author":[{"embeddable":true,"href":"https:\/\/wappa.cl\/index.php\/wp-json\/wp\/v2\/users\/1"}],"replies":[{"embeddable":true,"href":"https:\/\/wappa.cl\/index.php\/wp-json\/wp\/v2\/comments?post=41"}],"version-history":[{"count":2,"href":"https:\/\/wappa.cl\/index.php\/wp-json\/wp\/v2\/pages\/41\/revisions"}],"predecessor-version":[{"id":88,"href":"https:\/\/wappa.cl\/index.php\/wp-json\/wp\/v2\/pages\/41\/revisions\/88"}],"wp:featuredmedia":[{"embeddable":true,"href":"https:\/\/wappa.cl\/index.php\/wp-json\/wp\/v2\/media\/85"}],"wp:attachment":[{"href":"https:\/\/wappa.cl\/index.php\/wp-json\/wp\/v2\/media?parent=41"}],"curies":[{"name":"wp","href":"https:\/\/api.w.org\/{rel}","templated":true}]}}